{"id":565,"date":"2025-09-25T10:44:56","date_gmt":"2025-09-25T10:44:56","guid":{"rendered":"https:\/\/blossombybis.com\/?page_id=565"},"modified":"2025-10-17T10:49:58","modified_gmt":"2025-10-17T10:49:58","slug":"about-me","status":"publish","type":"page","link":"https:\/\/blossombybis.com\/es\/about-me\/","title":{"rendered":"Sobre m\u00ed"},"content":{"rendered":"<div data-elementor-type=\"wp-page\" data-elementor-id=\"565\" class=\"elementor elementor-565\" data-elementor-post-type=\"page\">\n\t\t\t\t<div class=\"elementor-element elementor-element-7d9af9a e-flex e-con-boxed e-con e-parent\" data-id=\"7d9af9a\" data-element_type=\"container\" data-settings=\"{&quot;background_background&quot;:&quot;video&quot;,&quot;shape_divider_bottom&quot;:&quot;waves&quot;,&quot;background_video_link&quot;:&quot;https:\\\/\\\/blossombybis.com\\\/wp-content\\\/uploads\\\/2025\\\/10\\\/About-me-banner-1.mp4&quot;,&quot;background_play_on_mobile&quot;:&quot;yes&quot;}\">\n\t\t\t\t\t<div class=\"e-con-inner\">\n\t\t<div class=\"elementor-background-video-container\" aria-hidden=\"true\">\n\t\t\t\t\t\t\t<video class=\"elementor-background-video-hosted\" autoplay muted playsinline loop><\/video>\n\t\t\t\t\t<\/div>\t\t<div class=\"elementor-shape elementor-shape-bottom\" aria-hidden=\"true\" data-negative=\"false\">\n\t\t\t<svg xmlns=\"http:\/\/www.w3.org\/2000\/svg\" viewbox=\"0 0 1000 100\" preserveaspectratio=\"none\">\n\t<path class=\"elementor-shape-fill\" d=\"M421.9,6.5c22.6-2.5,51.5,0.4,75.5,5.3c23.6,4.9,70.9,23.5,100.5,35.7c75.8,32.2,133.7,44.5,192.6,49.7\tc23.6,2.1,48.7,3.5,103.4-2.5c54.7-6,106.2-25.6,106.2-25.6V0H0v30.3c0,0,72,32.6,158.4,30.5c39.2-0.7,92.8-6.7,134-22.4\tc21.2-8.1,52.2-18.2,79.7-24.2C399.3,7.9,411.6,7.5,421.9,6.5z\"\/>\n<\/svg>\t\t<\/div>\n\t\t\t\t\t<\/div>\n\t\t\t\t<\/div>\n\t\t<div class=\"elementor-element elementor-element-9b0b93d e-flex e-con-boxed e-con e-parent\" data-id=\"9b0b93d\" data-element_type=\"container\">\n\t\t\t\t\t<div class=\"e-con-inner\">\n\t\t<div class=\"elementor-element elementor-element-f96249d e-con-full e-flex e-con e-child\" data-id=\"f96249d\" data-element_type=\"container\">\n\t\t\t\t<div class=\"elementor-element elementor-element-47471e4 elementor-widget elementor-widget-heading\" data-id=\"47471e4\" data-element_type=\"widget\" data-widget_type=\"heading.default\">\n\t\t\t\t\t<h2 class=\"elementor-heading-title elementor-size-default\">Un suave retorno<\/h2>\t\t\t\t<\/div>\n\t\t\t\t<div class=\"elementor-element elementor-element-ac79662 elementor-widget elementor-widget-heading\" data-id=\"ac79662\" data-element_type=\"widget\" data-widget_type=\"heading.default\">\n\t\t\t\t\t<p class=\"elementor-heading-title elementor-size-default\">Quiero que recuerdes qui\u00e9n eres: por debajo del ruido, m\u00e1s all\u00e1 de las dudas y a trav\u00e9s de las estaciones de cambio.<\/p>\t\t\t\t<\/div>\n\t\t\t\t<div class=\"elementor-element elementor-element-8b648b3 elementor-widget elementor-widget-text-editor\" data-id=\"8b648b3\" data-element_type=\"widget\" data-widget_type=\"text-editor.default\">\n\t\t\t\t\t\t\t\t\t<p><span style=\"font-weight: 400;\">Para sentirte a gusto en tu cuerpo.<\/span><span style=\"font-weight: 400;\"><br \/><\/span><span style=\"font-weight: 400;\">Confiar en tu ritmo.<\/span><span style=\"font-weight: 400;\"><br \/><\/span><span style=\"font-weight: 400;\">Vivir con la claridad y el coraje que siempre han sido tuyos.<\/span><\/p><p><span style=\"font-weight: 400;\">A menudo, la vida nos ense\u00f1a a ir m\u00e1s deprisa, a dar m\u00e1s y a no prestar atenci\u00f3n a la tranquila sabidur\u00eda interior.<\/span><span style=\"font-weight: 400;\"><br \/><\/span><span style=\"font-weight: 400;\">He recorrido ese camino y tambi\u00e9n conozco el camino de vuelta.<\/span><\/p>\t\t\t\t\t\t\t\t<\/div>\n\t\t\t\t<div class=\"elementor-element elementor-element-c23ecc5 elementor-mobile-align-justify elementor-widget elementor-widget-button\" data-id=\"c23ecc5\" data-element_type=\"widget\" data-widget_type=\"button.default\">\n\t\t\t\t\t\t\t\t\t\t<a class=\"elementor-button elementor-button-link elementor-size-sm\" href=\"https:\/\/blossombybis.com\/es\/contact\/\">\n\t\t\t\t\t\t<span class=\"elementor-button-content-wrapper\">\n\t\t\t\t\t\t\t\t\t<span class=\"elementor-button-text\">Reserve su sesi\u00f3n Blossom<\/span>\n\t\t\t\t\t<\/span>\n\t\t\t\t\t<\/a>\n\t\t\t\t\t\t\t\t<\/div>\n\t\t\t\t<\/div>\n\t\t<div class=\"elementor-element elementor-element-3d2932a e-con-full e-flex e-con e-child\" data-id=\"3d2932a\" data-element_type=\"container\">\n\t\t\t\t<div class=\"elementor-element elementor-element-4278d57 elementor-widget elementor-widget-image\" data-id=\"4278d57\" data-element_type=\"widget\" data-widget_type=\"image.default\">\n\t\t\t\t\t\t\t\t\t\t\t\t\t\t\t<img fetchpriority=\"high\" decoding=\"async\" width=\"1280\" height=\"1920\" src=\"https:\/\/blossombybis.com\/wp-content\/uploads\/2025\/09\/c55546d422e273041f23664fb8c4b4a915136425-1-1.jpg\" class=\"attachment-full size-full wp-image-205\" alt=\"\" srcset=\"https:\/\/blossombybis.com\/wp-content\/uploads\/2025\/09\/c55546d422e273041f23664fb8c4b4a915136425-1-1.jpg 1280w, https:\/\/blossombybis.com\/wp-content\/uploads\/2025\/09\/c55546d422e273041f23664fb8c4b4a915136425-1-1-200x300.jpg 200w, https:\/\/blossombybis.com\/wp-content\/uploads\/2025\/09\/c55546d422e273041f23664fb8c4b4a915136425-1-1-683x1024.jpg 683w, https:\/\/blossombybis.com\/wp-content\/uploads\/2025\/09\/c55546d422e273041f23664fb8c4b4a915136425-1-1-768x1152.jpg 768w, https:\/\/blossombybis.com\/wp-content\/uploads\/2025\/09\/c55546d422e273041f23664fb8c4b4a915136425-1-1-1024x1536.jpg 1024w\" sizes=\"(max-width: 1280px) 100vw, 1280px\">\t\t\t\t\t\t\t\t\t\t\t\t\t\t\t<\/div>\n\t\t\t\t<\/div>\n\t\t\t\t\t<\/div>\n\t\t\t\t<\/div>\n\t\t<div class=\"elementor-element elementor-element-715c37a e-flex e-con-boxed e-con e-parent\" data-id=\"715c37a\" data-element_type=\"container\">\n\t\t\t\t\t<div class=\"e-con-inner\">\n\t\t<div class=\"elementor-element elementor-element-5ab1bc9 e-con-full e-flex e-con e-child\" data-id=\"5ab1bc9\" data-element_type=\"container\" data-settings=\"{&quot;background_background&quot;:&quot;classic&quot;}\">\n\t\t<div class=\"elementor-element elementor-element-074a045 e-con-full e-flex e-con e-child\" data-id=\"074a045\" data-element_type=\"container\" data-settings=\"{&quot;background_background&quot;:&quot;classic&quot;}\">\n\t\t\t\t<\/div>\n\t\t<div class=\"elementor-element elementor-element-552bf0d e-con-full e-flex e-con e-child\" data-id=\"552bf0d\" data-element_type=\"container\">\n\t\t\t\t<div class=\"elementor-element elementor-element-e536411 elementor-widget elementor-widget-heading\" data-id=\"e536411\" data-element_type=\"widget\" data-widget_type=\"heading.default\">\n\t\t\t\t\t<h2 class=\"elementor-heading-title elementor-size-default\">Qui\u00e9n soy<\/h2>\t\t\t\t<\/div>\n\t\t\t\t<div class=\"elementor-element elementor-element-05cbf16 elementor-widget elementor-widget-heading\" data-id=\"05cbf16\" data-element_type=\"widget\" data-widget_type=\"heading.default\">\n\t\t\t\t\t<p class=\"elementor-heading-title elementor-size-default\">Soy Bistra y estoy aqu\u00ed para ayudarte a reconectar, realinear y florecer, especialmente en la mediana edad.<\/p>\t\t\t\t<\/div>\n\t\t\t\t<div class=\"elementor-element elementor-element-5bb7093 elementor-widget elementor-widget-text-editor\" data-id=\"5bb7093\" data-element_type=\"widget\" data-widget_type=\"text-editor.default\">\n\t\t\t\t\t\t\t\t\t<p><span style=\"font-weight: 400;\">Licenciada en psicolog\u00eda, siempre me ha atra\u00eddo la comprensi\u00f3n del mundo interior. Con el tiempo, ampli\u00e9 esa base a trav\u00e9s de la formaci\u00f3n hol\u00edstica, como profesora certificada de Kundalini Yoga, terapeuta del sonido y t\u00e9cnica en hipnoterapia.<\/span><\/p><p><span style=\"font-weight: 400;\">Combino estas herramientas -conciencia plena, movimiento, sonido, meditaci\u00f3n y reflexi\u00f3n- para ayudar al ser en su totalidad: mente, cuerpo y alma.<\/span><\/p><p><span style=\"font-weight: 400;\">Mi propio viaje con la vida hol\u00edstica comenz\u00f3 mucho antes de los 40, pero es en la mediana edad cuando estas pr\u00e1cticas se convirtieron en mi br\u00fajula. Me ayudan a navegar por las transiciones, a mantenerme centrada en la incertidumbre y a dise\u00f1ar una vida que se sienta verdaderamente alineada con lo que soy ahora y en lo que todav\u00eda me estoy convirtiendo.<\/span><\/p><p><span style=\"font-weight: 400;\">Para m\u00ed, la mediana edad no es una crisis.<\/span><span style=\"font-weight: 400;\"><br \/><\/span><span style=\"font-weight: 400;\">Es un regreso.<\/span><span style=\"font-weight: 400;\"><br \/><\/span><span style=\"font-weight: 400;\">Es una invitaci\u00f3n a bajar el ritmo, expandirse y volver a casa.<\/span><\/p>\t\t\t\t\t\t\t\t<\/div>\n\t\t\t\t<div class=\"elementor-element elementor-element-481309f elementor-mobile-align-justify elementor-widget elementor-widget-button\" data-id=\"481309f\" data-element_type=\"widget\" data-widget_type=\"button.default\">\n\t\t\t\t\t\t\t\t\t\t<a class=\"elementor-button elementor-button-link elementor-size-sm\" href=\"https:\/\/blossombybis.com\/es\/contact\/\">\n\t\t\t\t\t\t<span class=\"elementor-button-content-wrapper\">\n\t\t\t\t\t\t\t\t\t<span class=\"elementor-button-text\">Reserve su sesi\u00f3n Blossom<\/span>\n\t\t\t\t\t<\/span>\n\t\t\t\t\t<\/a>\n\t\t\t\t\t\t\t\t<\/div>\n\t\t\t\t<\/div>\n\t\t\t\t<\/div>\n\t\t\t\t\t<\/div>\n\t\t\t\t<\/div>\n\t\t<div class=\"elementor-element elementor-element-819b5e7 e-flex e-con-boxed e-con e-parent\" data-id=\"819b5e7\" data-element_type=\"container\">\n\t\t\t\t\t<div class=\"e-con-inner\">\n\t\t<div class=\"elementor-element elementor-element-846837b e-con-full e-flex e-con e-child\" data-id=\"846837b\" data-element_type=\"container\">\n\t\t\t\t<div class=\"elementor-element elementor-element-dcb44db elementor-widget elementor-widget-heading\" data-id=\"dcb44db\" data-element_type=\"widget\" data-widget_type=\"heading.default\">\n\t\t\t\t\t<h2 class=\"elementor-heading-title elementor-size-default\">\u00bfMi misi\u00f3n?<\/h2>\t\t\t\t<\/div>\n\t\t\t\t<div class=\"elementor-element elementor-element-4fadc9c elementor-widget elementor-widget-text-editor\" data-id=\"4fadc9c\" data-element_type=\"widget\" data-widget_type=\"text-editor.default\">\n\t\t\t\t\t\t\t\t\t<p><span style=\"font-weight: 400;\">Para ayudarle a sentirse seguro y enraizado en su cuerpo.<\/span><span style=\"font-weight: 400;\"><br \/><\/span><span style=\"font-weight: 400;\">Disfrutar de lo cotidiano.<\/span><span style=\"font-weight: 400;\"><br \/><\/span><span style=\"font-weight: 400;\">Vivir honestamente y crear un estilo de vida que se adapte a lo que eres ahora.<\/span><\/p><p><span style=\"font-weight: 400;\">Este es tu gentil retorno.<\/span><span style=\"font-weight: 400;\"><br \/><\/span><span style=\"font-weight: 400;\">Y no tienes por qu\u00e9 recorrerlo solo.<\/span><\/p>\t\t\t\t\t\t\t\t<\/div>\n\t\t\t\t<div class=\"elementor-element elementor-element-05537e1 elementor-mobile-align-justify elementor-widget elementor-widget-button\" data-id=\"05537e1\" data-element_type=\"widget\" data-widget_type=\"button.default\">\n\t\t\t\t\t\t\t\t\t\t<a class=\"elementor-button elementor-button-link elementor-size-sm\" href=\"https:\/\/blossombybis.com\/es\/contact\/\">\n\t\t\t\t\t\t<span class=\"elementor-button-content-wrapper\">\n\t\t\t\t\t\t\t\t\t<span class=\"elementor-button-text\">Reserve su sesi\u00f3n Blossom<\/span>\n\t\t\t\t\t<\/span>\n\t\t\t\t\t<\/a>\n\t\t\t\t\t\t\t\t<\/div>\n\t\t\t\t<\/div>\n\t\t<div class=\"elementor-element elementor-element-baf0b30 e-con-full e-flex e-con e-child\" data-id=\"baf0b30\" data-element_type=\"container\">\n\t\t\t\t<div class=\"elementor-element elementor-element-0ace338 elementor-widget elementor-widget-image\" data-id=\"0ace338\" data-element_type=\"widget\" data-widget_type=\"image.default\">\n\t\t\t\t\t\t\t\t\t\t\t\t\t\t\t<img decoding=\"async\" width=\"1334\" height=\"2000\" src=\"https:\/\/blossombybis.com\/wp-content\/uploads\/2025\/10\/My-mission-1.webp\" class=\"attachment-full size-full wp-image-1005\" alt=\"\" srcset=\"https:\/\/blossombybis.com\/wp-content\/uploads\/2025\/10\/My-mission-1.webp 1334w, https:\/\/blossombybis.com\/wp-content\/uploads\/2025\/10\/My-mission-1-200x300.webp 200w, https:\/\/blossombybis.com\/wp-content\/uploads\/2025\/10\/My-mission-1-683x1024.webp 683w, https:\/\/blossombybis.com\/wp-content\/uploads\/2025\/10\/My-mission-1-768x1151.webp 768w, https:\/\/blossombybis.com\/wp-content\/uploads\/2025\/10\/My-mission-1-1025x1536.webp 1025w, https:\/\/blossombybis.com\/wp-content\/uploads\/2025\/10\/My-mission-1-8x12.webp 8w\" sizes=\"(max-width: 1334px) 100vw, 1334px\">\t\t\t\t\t\t\t\t\t\t\t\t\t\t\t<\/div>\n\t\t\t\t<\/div>\n\t\t\t\t\t<\/div>\n\t\t\t\t<\/div>\n\t\t\t\t<\/div>","protected":false},"excerpt":{"rendered":"<p>A Gentle Return I want you to remember who you are\u2014beneath the noise, beyond the doubts, and through the seasons of change. To feel at home in your body.To trust your rhythm.To live with the clarity and courage that have always been yours. Life often teaches us to move faster, give more, and tune out [&hellip;]<\/p>","protected":false},"author":2,"featured_media":0,"parent":0,"menu_order":0,"comment_status":"closed","ping_status":"closed","template":"elementor_theme","meta":{"_acf_changed":false,"footnotes":""},"class_list":["post-565","page","type-page","status-publish","hentry"],"acf":[],"_links":{"self":[{"href":"https:\/\/blossombybis.com\/es\/wp-json\/wp\/v2\/pages\/565","targetHints":{"allow":["GET"]}}],"collection":[{"href":"https:\/\/blossombybis.com\/es\/wp-json\/wp\/v2\/pages"}],"about":[{"href":"https:\/\/blossombybis.com\/es\/wp-json\/wp\/v2\/types\/page"}],"author":[{"embeddable":true,"href":"https:\/\/blossombybis.com\/es\/wp-json\/wp\/v2\/users\/2"}],"replies":[{"embeddable":true,"href":"https:\/\/blossombybis.com\/es\/wp-json\/wp\/v2\/comments?post=565"}],"version-history":[{"count":106,"href":"https:\/\/blossombybis.com\/es\/wp-json\/wp\/v2\/pages\/565\/revisions"}],"predecessor-version":[{"id":1045,"href":"https:\/\/blossombybis.com\/es\/wp-json\/wp\/v2\/pages\/565\/revisions\/1045"}],"wp:attachment":[{"href":"https:\/\/blossombybis.com\/es\/wp-json\/wp\/v2\/media?parent=565"}],"curies":[{"name":"wp","href":"https:\/\/api.w.org\/{rel}","templated":true}]}}